{"id":461,"date":"2025-07-18T09:44:41","date_gmt":"2025-07-18T09:44:41","guid":{"rendered":"https:\/\/brasilcuckold.com.br\/?page_id=461"},"modified":"2026-01-30T11:20:57","modified_gmt":"2026-01-30T11:20:57","slug":"canal-tropical-telegram","status":"publish","type":"page","link":"https:\/\/brasilcuckold.com.br\/en\/canal-tropical-telegram\/","title":{"rendered":"\ud83c\udfddCANAL TROPICAL\ud83c\udfdd"},"content":{"rendered":"<p><\/p>\n\n\n\n<p class=\"has-large-font-size\">Conte\u00fado selecionado com os melhores videos da internet.<\/p>\n\n\n\n<div class=\"wp-block-group alignfull has-background is-layout-constrained wp-block-group-is-layout-constrained\" style=\"background-color:#101010;padding-top:7rem;padding-bottom:7rem\">\n<div class=\"wp-block-columns are-vertically-aligned-center is-layout-flex wp-container-core-columns-is-layout-94d34361 wp-block-columns-is-layout-flex\" style=\"border-bottom-color:#ffffff1a;border-bottom-style:solid;border-bottom-width:1px;margin-bottom:3.7rem;padding-bottom:4rem\">\n<div class=\"wp-block-column is-vertically-aligned-center is-layout-flow wp-block-column-is-layout-flow\" style=\"flex-basis:55%\">\n<p class=\"has-white-color has-text-color has-link-color wp-elements-a271e73b31e6c8b1113373d8e5908bf6\" style=\"margin-bottom:15px;font-style:normal;font-weight:500\">TELEGRAM<\/p>\n\n\n\n<h1 class=\"wp-block-heading has-white-color has-text-color has-link-color has-xx-large-font-size wp-elements-2b4d7e2706e0c3e36af0da9e7b1e8f57\" id=\"the-perfect-theme-for-stunning-websites\" style=\"margin-top:0;margin-bottom:20px;font-style:normal;font-weight:800;line-height:1.2\">\ud83c\udf34TROPICAL CLUB \ud83d\udd1e\ud83c\udf34<\/h1>\n\n\n\n<p class=\"has-white-color has-text-color has-link-color has-medium-font-size wp-elements-81dc66314861b7b1ab8174b1f62ac2d9\" style=\"margin-bottom:50px\">Os melhores v\u00cddeos da internet!<br>TUDO EM UM S\u00d3 LUGAR!<\/p>\n\n\n\n<div class=\"wp-block-buttons is-layout-flex wp-container-core-buttons-is-layout-e40b0234 wp-block-buttons-is-layout-flex\">\n<div class=\"wp-block-button\"><a class=\"wp-block-button__link has-white-background-color has-text-color has-background has-link-color has-custom-font-size wp-element-button\" href=\"https:\/\/t.me\/cadastrotropical2_bot\" style=\"border-radius:8px;color:#101010;padding-top:15px;padding-right:25px;padding-bottom:15px;padding-left:25px;font-size:clamp(14px, 0.875rem + ((1vw - 3.2px) * 0.313), 18px);font-style:normal;font-weight:600\">ACESSE AGORA!<\/a><\/div>\n\n\n\n<div class=\"wp-block-button is-style-outline is-style-outline--1\"><a class=\"wp-block-button__link has-white-color has-text-color has-background has-link-color has-border-color has-custom-font-size wp-element-button\" href=\"https:\/\/t.me\/cadastrotropical2_bot\" style=\"border-color:#fefefe;border-width:2px;border-radius:8px;background-color:#ffffff00;padding-top:13px;padding-right:25px;padding-bottom:13px;padding-left:25px;font-size:clamp(14px, 0.875rem + ((1vw - 3.2px) * 0.313), 18px);font-style:normal;font-weight:600\">ACESSE AGORA!<\/a><\/div>\n<\/div>\n<\/div>\n\n\n\n<div class=\"wp-block-column is-vertically-aligned-center is-layout-flow wp-block-column-is-layout-flow\">\n<figure class=\"wp-block-image size-full has-custom-border\"><img loading=\"lazy\" decoding=\"async\" width=\"729\" height=\"1280\" src=\"https:\/\/brasilcuckold.com.br\/wp-content\/uploads\/2025\/07\/Banner-Tropical.webp\" alt=\"\" class=\"wp-image-459\" style=\"border-radius:25px\" srcset=\"https:\/\/brasilcuckold.com.br\/wp-content\/uploads\/2025\/07\/Banner-Tropical.webp 729w, https:\/\/brasilcuckold.com.br\/wp-content\/uploads\/2025\/07\/Banner-Tropical-600x1053.webp 600w, https:\/\/brasilcuckold.com.br\/wp-content\/uploads\/2025\/07\/Banner-Tropical-171x300.webp 171w, https:\/\/brasilcuckold.com.br\/wp-content\/uploads\/2025\/07\/Banner-Tropical-583x1024.webp 583w, https:\/\/brasilcuckold.com.br\/wp-content\/uploads\/2025\/07\/Banner-Tropical-7x12.webp 7w\" sizes=\"auto, (max-width: 729px) 100vw, 729px\" \/><\/figure>\n<\/div>\n<\/div>\n\n\n\n<div class=\"wp-block-group is-layout-grid wp-container-core-group-is-layout-51e6238c wp-block-group-is-layout-grid\">\n<div class=\"wp-block-group is-layout-constrained wp-block-group-is-layout-constrained\">\n<h2 class=\"wp-block-heading has-text-align-center has-white-color has-text-color has-link-color wp-elements-70ae4e8350f20ad79dd66996974fff9c\" id=\"300\" style=\"margin-bottom:0;font-style:normal;font-weight:900\">+200.000<\/h2>\n\n\n\n<p class=\"has-text-align-center has-white-color has-text-color has-link-color has-medium-font-size wp-elements-fd7bac8e5a259ec481f124c9c7aeef0b\">V\u00eddeos<\/p>\n<\/div>\n\n\n\n<div class=\"wp-block-group is-layout-constrained wp-block-group-is-layout-constrained\">\n<h2 class=\"wp-block-heading has-text-align-center has-white-color has-text-color has-link-color wp-elements-23903600d743bc0d74cefc77d0d86cc1\" id=\"300\" style=\"margin-bottom:0;font-style:normal;font-weight:900\">+17.000<\/h2>\n\n\n\n<p class=\"has-text-align-center has-white-color has-text-color has-link-color has-medium-font-size wp-elements-c882f6d1c5bd5a9700e21c636aa9b7c2\">Fotos<\/p>\n<\/div>\n\n\n\n<div class=\"wp-block-group is-layout-constrained wp-block-group-is-layout-constrained\">\n<h2 class=\"wp-block-heading has-text-align-center has-white-color has-text-color has-link-color wp-elements-237d82ba2d84da398f5588d79036218e\" id=\"300\" style=\"margin-bottom:0;font-style:normal;font-weight:900\">+50<\/h2>\n\n\n\n<p class=\"has-text-align-center has-white-color has-text-color has-link-color has-medium-font-size wp-elements-dd6a9d5fe1c38e0be9c628799496a44c\">hashtag para voc\u00ea achar seu melhor conte\u00fado!<\/p>\n<\/div>\n\n\n\n<div class=\"wp-block-group is-layout-constrained wp-block-group-is-layout-constrained\">\n<h2 class=\"wp-block-heading has-text-align-center has-white-color has-text-color has-link-color wp-elements-aa40279b30953edf3e484833a0ff714c\" id=\"300\" style=\"margin-bottom:0;font-style:normal;font-weight:900\">Desde 2020<\/h2>\n\n\n\n<p class=\"has-text-align-center has-white-color has-text-color has-link-color has-medium-font-size wp-elements-255a359908167c4d98992b12b8b7c886\">Trazendo o melhor conte\u00fado para voc\u00ea!<\/p>\n<\/div>\n<\/div>\n<\/div>\n\n\n\n<div class=\"wp-block-cover alignfull\" style=\"padding-top:4vw;padding-right:4vw;padding-bottom:4vw;padding-left:4vw;min-height:66vh;aspect-ratio:unset;\"><span aria-hidden=\"true\" class=\"wp-block-cover__background has-black-background-color has-background-dim-100 has-background-dim\"><\/span><div class=\"wp-block-cover__inner-container is-layout-flow wp-block-cover-is-layout-flow\">\n<div class=\"wp-block-group is-content-justification-center is-nowrap is-layout-flex wp-container-core-group-is-layout-3eb4be21 wp-block-group-is-layout-flex\">\n<figure class=\"wp-block-image size-large is-resized\"><img loading=\"lazy\" decoding=\"async\" width=\"506\" height=\"1024\" src=\"https:\/\/brasilcuckold.com.br\/wp-content\/uploads\/2025\/07\/Banner-Tropical-04-506x1024.webp\" alt=\"\" class=\"wp-image-458\" style=\"width:665px;height:auto\" srcset=\"https:\/\/brasilcuckold.com.br\/wp-content\/uploads\/2025\/07\/Banner-Tropical-04-506x1024.webp 506w, https:\/\/brasilcuckold.com.br\/wp-content\/uploads\/2025\/07\/Banner-Tropical-04-600x1215.webp 600w, https:\/\/brasilcuckold.com.br\/wp-content\/uploads\/2025\/07\/Banner-Tropical-04-148x300.webp 148w, https:\/\/brasilcuckold.com.br\/wp-content\/uploads\/2025\/07\/Banner-Tropical-04-6x12.webp 6w, https:\/\/brasilcuckold.com.br\/wp-content\/uploads\/2025\/07\/Banner-Tropical-04.webp 632w\" sizes=\"auto, (max-width: 506px) 100vw, 506px\" \/><\/figure>\n\n\n\n<figure class=\"wp-block-image size-full is-resized\"><img loading=\"lazy\" decoding=\"async\" width=\"630\" height=\"1280\" src=\"https:\/\/brasilcuckold.com.br\/wp-content\/uploads\/2025\/07\/Banner-Tropical-03.webp\" alt=\"\" class=\"wp-image-457\" style=\"width:660px;height:auto\" srcset=\"https:\/\/brasilcuckold.com.br\/wp-content\/uploads\/2025\/07\/Banner-Tropical-03.webp 630w, https:\/\/brasilcuckold.com.br\/wp-content\/uploads\/2025\/07\/Banner-Tropical-03-600x1219.webp 600w, https:\/\/brasilcuckold.com.br\/wp-content\/uploads\/2025\/07\/Banner-Tropical-03-148x300.webp 148w, https:\/\/brasilcuckold.com.br\/wp-content\/uploads\/2025\/07\/Banner-Tropical-03-504x1024.webp 504w, https:\/\/brasilcuckold.com.br\/wp-content\/uploads\/2025\/07\/Banner-Tropical-03-6x12.webp 6w\" sizes=\"auto, (max-width: 630px) 100vw, 630px\" \/><\/figure>\n<\/div>\n<\/div><\/div>\n\n\n\n<p class=\"has-large-font-size\"><\/p>\n\n\n\n<div class=\"wp-block-cover alignfull has-custom-content-position is-position-top-left\" style=\"margin-top:0;padding-top:5vw;padding-right:5vw;padding-bottom:5vw;padding-left:5vw;min-height:258px;aspect-ratio:unset;\"><img loading=\"lazy\" decoding=\"async\" width=\"445\" height=\"379\" class=\"wp-block-cover__image-background wp-image-750 size-full\" alt=\"\" src=\"https:\/\/brasilcuckold.com.br\/wp-content\/uploads\/2025\/08\/jpg6-1.jpg\" style=\"object-position:74% 33%\" data-object-fit=\"cover\" data-object-position=\"74% 33%\" srcset=\"https:\/\/brasilcuckold.com.br\/wp-content\/uploads\/2025\/08\/jpg6-1.jpg 445w, https:\/\/brasilcuckold.com.br\/wp-content\/uploads\/2025\/08\/jpg6-1-300x256.jpg 300w, https:\/\/brasilcuckold.com.br\/wp-content\/uploads\/2025\/08\/jpg6-1-14x12.jpg 14w\" sizes=\"auto, (max-width: 445px) 100vw, 445px\" \/><span aria-hidden=\"true\" class=\"wp-block-cover__background has-background-dim-80 has-background-dim\" style=\"background-color:#141414\"><\/span><div class=\"wp-block-cover__inner-container is-layout-flow wp-block-cover-is-layout-flow\">\n<div class=\"wp-block-group wp-container-content-9cfa9a5a is-vertical is-nowrap is-layout-flex wp-container-core-group-is-layout-2890af74 wp-block-group-is-layout-flex\">\n<p class=\"has-text-color has-link-color has-large-font-size wp-elements-07f2ee71058e43b8a2cb647e0bde51b8\" style=\"color:#d8a557\"><strong><a href=\"https:\/\/t.me\/cadastrotropical2_bot\">CLIQUE AQUI:<\/a><\/strong><\/p>\n\n\n\n<p class=\"has-text-align-left has-text-color has-source-serif-pro-font-family\" style=\"color:#d8a557;font-size:clamp(37.821px, 2.364rem + ((1vw - 3.2px) * 2.514), 70px);font-style:italic;font-weight:900;letter-spacing:1px;line-height:0.8;text-transform:none\"><a href=\"https:\/\/t.me\/cadastrotropical2_bot\">Garanta 40% off <\/a><\/p>\n\n\n\n<p class=\"has-text-align-left has-text-color has-source-serif-pro-font-family\" style=\"color:#d8a557;font-size:clamp(37.821px, 2.364rem + ((1vw - 3.2px) * 2.514), 70px);font-style:italic;font-weight:900;letter-spacing:1px;line-height:0.8;text-transform:none\"><a href=\"https:\/\/t.me\/cadastrotropical2_bot\">na sua vaga!<\/a><\/p>\n<\/div>\n<\/div><\/div>\n\n\n\n<p><\/p>\n\n\n\n<p><\/p>\n\n\n\n<div class=\"wp-block-media-text is-stacked-on-mobile\"><figure class=\"wp-block-media-text__media\"><video controls src=\"https:\/\/brasilcuckold.com.br\/wp-content\/uploads\/2025\/07\/Tropical-1.mp4\"><\/video><\/figure><div class=\"wp-block-media-text__content\">\n<p class=\"has-text-align-center has-large-font-size\"><strong>UM POUCO DO QUE VOC\u00ca VAI ENCONTRAR NO CANAL!<\/strong><\/p>\n<\/div><\/div>\n\n\n\n<div class=\"wp-block-columns is-layout-flex wp-container-core-columns-is-layout-28f84493 wp-block-columns-is-layout-flex\">\n<div class=\"wp-block-column is-layout-flow wp-block-column-is-layout-flow\" style=\"flex-basis:100%\">\n<div class=\"wp-block-group is-nowrap is-layout-flex wp-container-core-group-is-layout-6c531013 wp-block-group-is-layout-flex\">\n<div class=\"wp-block-columns is-layout-flex wp-container-core-columns-is-layout-28f84493 wp-block-columns-is-layout-flex\">\n<div class=\"wp-block-column is-layout-flow wp-block-column-is-layout-flow\" style=\"flex-basis:100%\"><\/div>\n<\/div>\n<\/div>\n<\/div>\n<\/div>\n\n\n\n<div class=\"wp-block-buttons is-layout-flex wp-block-buttons-is-layout-flex\">\n<div class=\"wp-block-button has-custom-width wp-block-button__width-100\"><a class=\"wp-block-button__link has-vivid-green-cyan-background-color has-background has-x-large-font-size has-custom-font-size wp-element-button\" href=\"https:\/\/t.me\/cadastrotropical2_bot\">\ud83d\udd11ACESSE AGORA!\ud83c\udf34<\/a><\/div>\n<\/div>\n\n\n\n<p><\/p>","protected":false},"excerpt":{"rendered":"<p>Conte\u00fado selecionado com os melhores videos da internet. TELEGRAM \ud83c\udf34TROPICAL CLUB \ud83d\udd1e\ud83c\udf34 Os melhores v\u00cddeos da internet!TUDO EM UM S\u00d3 LUGAR! +200.000 V\u00eddeos +17.000 Fotos +50 hashtag para voc\u00ea achar seu melhor conte\u00fado! Desde 2020 Trazendo o melhor conte\u00fado para voc\u00ea! UM POUCO DO QUE VOC\u00ca VAI ENCONTRAR NO CANAL!<\/p>","protected":false},"author":1,"featured_media":0,"parent":0,"menu_order":0,"comment_status":"closed","ping_status":"closed","template":"","meta":{"footnotes":""},"class_list":["post-461","page","type-page","status-publish","hentry"],"blocksy_meta":[],"jetpack_sharing_enabled":true,"_links":{"self":[{"href":"https:\/\/brasilcuckold.com.br\/en\/wp-json\/wp\/v2\/pages\/461","targetHints":{"allow":["GET"]}}],"collection":[{"href":"https:\/\/brasilcuckold.com.br\/en\/wp-json\/wp\/v2\/pages"}],"about":[{"href":"https:\/\/brasilcuckold.com.br\/en\/wp-json\/wp\/v2\/types\/page"}],"author":[{"embeddable":true,"href":"https:\/\/brasilcuckold.com.br\/en\/wp-json\/wp\/v2\/users\/1"}],"replies":[{"embeddable":true,"href":"https:\/\/brasilcuckold.com.br\/en\/wp-json\/wp\/v2\/comments?post=461"}],"version-history":[{"count":20,"href":"https:\/\/brasilcuckold.com.br\/en\/wp-json\/wp\/v2\/pages\/461\/revisions"}],"predecessor-version":[{"id":2119,"href":"https:\/\/brasilcuckold.com.br\/en\/wp-json\/wp\/v2\/pages\/461\/revisions\/2119"}],"wp:attachment":[{"href":"https:\/\/brasilcuckold.com.br\/en\/wp-json\/wp\/v2\/media?parent=461"}],"curies":[{"name":"wp","href":"https:\/\/api.w.org\/{rel}","templated":true}]}}