{"id":468,"date":"2025-07-20T10:10:39","date_gmt":"2025-07-20T10:10:39","guid":{"rendered":"https:\/\/brasilcuckold.com.br\/?page_id=468"},"modified":"2025-08-15T19:44:56","modified_gmt":"2025-08-15T19:44:56","slug":"regras-grupo-vip-entre-casais","status":"publish","type":"page","link":"https:\/\/brasilcuckold.com.br\/en\/regras-grupo-vip-entre-casais\/","title":{"rendered":"REGRAS GRUPO VIP &#8211; ENTRE CASAIS"},"content":{"rendered":"<div class=\"wp-block-group alignfull has-white-background-color has-background is-layout-constrained wp-block-group-is-layout-constrained\" style=\"border-style:none;border-width:0px;padding-top:0rem;padding-bottom:0rem\">\n<div class=\"wp-block-cover has-aspect-ratio\" style=\"border-radius:20px;padding-top:7rem;padding-right:50px;padding-bottom:7rem;padding-left:50px;aspect-ratio:auto;min-height:unset;\"><img loading=\"lazy\" decoding=\"async\" width=\"917\" height=\"1280\" class=\"wp-block-cover__image-background wp-image-813 size-full\" alt=\"\" src=\"https:\/\/brasilcuckold.com.br\/wp-content\/uploads\/2025\/08\/grupo-vip-1.jpg\" style=\"object-position:59% 50%\" data-object-fit=\"cover\" data-object-position=\"59% 50%\" srcset=\"https:\/\/brasilcuckold.com.br\/wp-content\/uploads\/2025\/08\/grupo-vip-1.jpg 917w, https:\/\/brasilcuckold.com.br\/wp-content\/uploads\/2025\/08\/grupo-vip-1-215x300.jpg 215w, https:\/\/brasilcuckold.com.br\/wp-content\/uploads\/2025\/08\/grupo-vip-1-734x1024.jpg 734w, https:\/\/brasilcuckold.com.br\/wp-content\/uploads\/2025\/08\/grupo-vip-1-768x1072.jpg 768w, https:\/\/brasilcuckold.com.br\/wp-content\/uploads\/2025\/08\/grupo-vip-1-9x12.jpg 9w\" sizes=\"auto, (max-width: 917px) 100vw, 917px\" \/><span aria-hidden=\"true\" class=\"wp-block-cover__background has-background-dim-100 has-background-dim wp-block-cover__gradient-background has-background-gradient\" style=\"background:linear-gradient(0deg,rgb(0,0,0) 12%,rgba(0,0,0,0.15) 100%)\"><\/span><div class=\"wp-block-cover__inner-container is-layout-constrained wp-container-core-cover-is-layout-c4bc75b0 wp-block-cover-is-layout-constrained\">\n<h1 class=\"wp-block-heading has-text-align-center has-white-color has-text-color has-link-color has-xx-large-font-size wp-elements-88a0e5e299d55ea1d19137fccbad6429\" style=\"margin-top:0;margin-bottom:20px;font-style:normal;font-weight:800;line-height:1.2\">Um lugar para voc\u00ea compartilhar sua fantansia!<\/h1>\n\n\n\n<p class=\"has-text-align-center has-text-color has-link-color has-medium-font-size wp-elements-0e989a7328dabb0385278490ba9e3f61\" style=\"color:#ffffffc4;margin-bottom:50px\">Um grupo feito para aquelas pessoas que procuram um grupo organizado e de pessoas seletas que possuem mente aberta, assim como voc\u00ea!<br>APENAS CASAIS JUNTOS<\/p>\n\n\n\n<div class=\"wp-block-buttons is-content-justification-center is-layout-flex wp-container-core-buttons-is-layout-241c0bc1 wp-block-buttons-is-layout-flex\">\n<div class=\"wp-block-button\"><a class=\"wp-block-button__link has-black-color has-white-background-color has-text-color has-background has-link-color has-custom-font-size wp-element-button\" href=\"https:\/\/t.me\/Registrationbc_bot\" style=\"border-radius:8px;padding-top:15px;padding-right:25px;padding-bottom:15px;padding-left:25px;font-size:clamp(14px, 0.875rem + ((1vw - 3.2px) * 0.313), 18px);font-style:normal;font-weight:600\">ACESSO CASAIS<\/a><\/div>\n\n\n\n<div class=\"wp-block-button is-style-outline is-style-outline--1\"><a class=\"wp-block-button__link has-white-color has-text-color has-background has-link-color has-border-color has-white-border-color has-custom-font-size wp-element-button\" style=\"border-width:2px;border-radius:8px;background-color:#ffffff00;padding-top:13px;padding-right:25px;padding-bottom:13px;padding-left:25px;font-size:clamp(14px, 0.875rem + ((1vw - 3.2px) * 0.313), 18px);font-style:normal;font-weight:600\">PARA SOLTEIROS &#8211; TROPICAL<\/a><\/div>\n<\/div>\n<\/div><\/div>\n<\/div>\n\n\n\n<div class=\"wp-block-cover alignfull is-light\" style=\"min-height:362px;aspect-ratio:unset;\"><span aria-hidden=\"true\" class=\"wp-block-cover__background has-background-dim-100 has-background-dim\" style=\"background-color:#ffffff\"><\/span><div class=\"wp-block-cover__inner-container is-layout-flow wp-block-cover-is-layout-flow\">\n<div class=\"wp-block-media-text alignwide is-stacked-on-mobile is-vertically-aligned-center is-image-fill-element\" style=\"grid-template-columns:32% auto\"><figure class=\"wp-block-media-text__media\"><img loading=\"lazy\" decoding=\"async\" width=\"720\" height=\"923\" src=\"https:\/\/brasilcuckold.com.br\/wp-content\/uploads\/2025\/08\/e18b9227-eef9-4604-b315-05bcf76b7bbe-2.jpg\" alt=\"\" class=\"wp-image-805 size-full\" style=\"object-position:52% 7%\" srcset=\"https:\/\/brasilcuckold.com.br\/wp-content\/uploads\/2025\/08\/e18b9227-eef9-4604-b315-05bcf76b7bbe-2.jpg 720w, https:\/\/brasilcuckold.com.br\/wp-content\/uploads\/2025\/08\/e18b9227-eef9-4604-b315-05bcf76b7bbe-2-234x300.jpg 234w, https:\/\/brasilcuckold.com.br\/wp-content\/uploads\/2025\/08\/e18b9227-eef9-4604-b315-05bcf76b7bbe-2-9x12.jpg 9w\" sizes=\"auto, (max-width: 720px) 100vw, 720px\" \/><\/figure><div class=\"wp-block-media-text__content\">\n<h2 class=\"wp-block-heading has-text-color\" style=\"color:#000000;font-size:clamp(20px, 1.25rem + ((1vw - 3.2px) * 0.938), 32px);\"><strong>GRUPO TELEGRAM &#8211; ENTRE CASAIS<\/strong><\/h2>\n\n\n\n<p class=\"has-text-color\" style=\"color:#000000;font-size:clamp(14px, 0.875rem + ((1vw - 3.2px) * 0.234), 17px);\">Venho convidar voc\u00eas a participarem do nosso grupo vip &#8211; Entre casais. <br>Um grupo sem fakes, so casais identificados e assim como a gente bemmm liberais e sem preconceitos. <br>Ser\u00e1 uma honra em t\u00ea-los como membros:<\/p>\n\n\n\n<div class=\"wp-block-buttons is-layout-flex wp-block-buttons-is-layout-flex\">\n<div class=\"wp-block-button is-style-fill\"><a class=\"wp-block-button__link wp-element-button\" href=\"https:\/\/t.me\/Registrationbc_bot\">ACESSO S\u00d3 PARA CASAIS JUNTOS!<\/a><\/div>\n<\/div>\n<\/div><\/div>\n<\/div><\/div>\n\n\n\n<div class=\"wp-block-cover alignfull is-light\" style=\"margin-top:0;padding-top:6vw;padding-right:6vw;padding-bottom:6vw;padding-left:6vw;min-height:1442px;aspect-ratio:unset;\"><span aria-hidden=\"true\" class=\"wp-block-cover__background has-background-dim-100 has-background-dim\" style=\"background-color:#eb4c77\"><\/span><div class=\"wp-block-cover__inner-container is-layout-flow wp-block-cover-is-layout-flow\">\n<div class=\"wp-block-group is-content-justification-center is-layout-flex wp-container-core-group-is-layout-82565499 wp-block-group-is-layout-flex\">\n<div class=\"wp-block-group alignwide wp-container-content-ceb7f5b3 is-content-justification-center is-layout-constrained wp-container-core-group-is-layout-8b557b78 wp-block-group-is-layout-constrained\">\n<h2 class=\"wp-block-heading alignwide has-text-align-left has-contrast-color has-text-color\" style=\"font-size:clamp(50.171px, 3.136rem + ((1vw - 3.2px) * 3.893), 100px);font-style:normal;font-weight:500;line-height:0.9;text-transform:none\"><strong>Sem aqueles fakes e perfis falsos de casais<\/strong><\/h2>\n\n\n\n<p class=\"has-text-align-left has-contrast-color has-text-color\"><\/p>\n\n\n\n<p class=\"has-text-align-left has-contrast-color has-text-color\"><strong>ou pessoas que apenas est\u00e3o no grupo por curiosidade e n\u00e3o entendem o real mundo cuckold e que criamos esse grupo VIP. Para a intera\u00e7\u00e3o entre as pessoas que ja realizam essa fantansia e querem compartilhar com outros casais reais.<\/strong><\/p>\n<\/div>\n\n\n\n<div class=\"wp-block-group is-content-justification-right is-nowrap is-layout-flex wp-container-core-group-is-layout-59a2d94b wp-block-group-is-layout-flex\">\n<div class=\"wp-block-group wp-container-content-0733e5d0 is-layout-flow wp-block-group-is-layout-flow\">\n<figure class=\"wp-block-image size-full wp-container-content-0733e5d0 wp-duotone-unset-2\"><img loading=\"lazy\" decoding=\"async\" width=\"720\" height=\"923\" src=\"https:\/\/brasilcuckold.com.br\/wp-content\/uploads\/2025\/08\/888b8a8b-b6d4-477d-969c-e7cecef868e8.jpg\" alt=\"\" class=\"wp-image-798\" srcset=\"https:\/\/brasilcuckold.com.br\/wp-content\/uploads\/2025\/08\/888b8a8b-b6d4-477d-969c-e7cecef868e8.jpg 720w, https:\/\/brasilcuckold.com.br\/wp-content\/uploads\/2025\/08\/888b8a8b-b6d4-477d-969c-e7cecef868e8-234x300.jpg 234w, https:\/\/brasilcuckold.com.br\/wp-content\/uploads\/2025\/08\/888b8a8b-b6d4-477d-969c-e7cecef868e8-9x12.jpg 9w\" sizes=\"auto, (max-width: 720px) 100vw, 720px\" \/><\/figure>\n<\/div>\n\n\n\n<figure class=\"wp-block-image size-full wp-container-content-0733e5d0 wp-duotone-unset-3\"><img loading=\"lazy\" decoding=\"async\" width=\"720\" height=\"921\" src=\"https:\/\/brasilcuckold.com.br\/wp-content\/uploads\/2025\/08\/a638433f-a52c-4e21-bb7d-a133ada92ae5.jpg\" alt=\"\" class=\"wp-image-799\" srcset=\"https:\/\/brasilcuckold.com.br\/wp-content\/uploads\/2025\/08\/a638433f-a52c-4e21-bb7d-a133ada92ae5.jpg 720w, https:\/\/brasilcuckold.com.br\/wp-content\/uploads\/2025\/08\/a638433f-a52c-4e21-bb7d-a133ada92ae5-235x300.jpg 235w, https:\/\/brasilcuckold.com.br\/wp-content\/uploads\/2025\/08\/a638433f-a52c-4e21-bb7d-a133ada92ae5-9x12.jpg 9w\" sizes=\"auto, (max-width: 720px) 100vw, 720px\" \/><\/figure>\n<\/div>\n<\/div>\n<\/div><\/div>\n\n\n\n<p class=\"has-x-large-font-size\">\u2b50\ufe0fCasais do: RJ, SP, GO, BA e outros.<\/p>\n\n\n\n<p class=\"has-x-large-font-size\">\ud83d\udd10Total sigilo do conte\u00fado.<\/p>\n\n\n\n<p class=\"has-x-large-font-size\">\ud83d\udd10 As m\u00eddias do grupo protegidas contra encaminhamentos e compartilhamentos.<\/p>\n\n\n\n<div class=\"wp-block-cover alignfull has-parallax\" style=\"min-height:310px;aspect-ratio:unset;\"><div class=\"wp-block-cover__image-background wp-image-801 size-full has-parallax\" style=\"background-position:50% 50%;background-image:url(https:\/\/brasilcuckold.com.br\/wp-content\/uploads\/2025\/08\/e18b9227-eef9-4604-b315-05bcf76b7bbe-1.jpg)\"><\/div><span aria-hidden=\"true\" class=\"wp-block-cover__background has-background-dim-40 has-background-dim\" style=\"background-color:#000000\"><\/span><div class=\"wp-block-cover__inner-container is-layout-flow wp-block-cover-is-layout-flow\">\n<h2 class=\"wp-block-heading alignwide has-white-color has-text-color\" style=\"font-size:clamp(27.894px, 1.743rem + ((1vw - 3.2px) * 1.571), 48px);line-height:1.2\"><strong>Ap\u00f3s o pagamento o ingresso vital\u00edcio, enviaremos uma senha para o casal gravar um v\u00eddeo de verifica\u00e7\u00e3o e logo ap\u00f3s enviaremos o link de acesso. <\/strong><br><strong>o processo \u00e9 indispens\u00e1vel para a verifica\u00e7\u00e3o da veracidade dos perfis, e todos que estao no grupo fizeram. Processo totalmente seguro.<\/strong><\/h2>\n<\/div><\/div>\n\n\n\n<div class=\"wp-block-group alignfull has-background is-layout-constrained wp-block-group-is-layout-constrained\" style=\"background-color:#101010;padding-top:7rem;padding-bottom:7rem\">\n<div class=\"wp-block-columns are-vertically-aligned-center is-layout-flex wp-container-core-columns-is-layout-94d34361 wp-block-columns-is-layout-flex\" style=\"border-bottom-color:#ffffff1a;border-bottom-style:solid;border-bottom-width:1px;margin-bottom:3.7rem;padding-bottom:4rem\">\n<div class=\"wp-block-column is-vertically-aligned-center is-layout-flow wp-block-column-is-layout-flow\" style=\"flex-basis:55%\">\n<p class=\"has-white-color has-text-color has-link-color wp-elements-cc0b9bddf89772eaf8ec95b25437570f\" style=\"margin-bottom:15px;font-style:normal;font-weight:500\"><\/p>\n\n\n\n<h1 class=\"wp-block-heading has-white-color has-text-color has-link-color has-xx-large-font-size wp-elements-b2dc1d8be80fead30c5858a3876cb700\" id=\"the-perfect-theme-for-stunning-websites\" style=\"margin-top:0;margin-bottom:20px;font-style:normal;font-weight:800;line-height:1.2\">GRUPO VIP &#8211; ENTRE CASAIS<\/h1>\n\n\n\n<p class=\"has-white-color has-text-color has-link-color has-medium-font-size wp-elements-d59fd76722f5449d3304f18bfb7ee645\" style=\"margin-bottom:50px\">O objetivo do grupo e ter pessoas identificadas , casais ou solteiros sem fakes, troca de experi\u00eancias, troca de fotos, exibicionismo, amizades, v\u00eddeos, com a certeza que sao perfis reais.<\/p>\n\n\n\n<div class=\"wp-block-buttons is-layout-flex wp-container-core-buttons-is-layout-e40b0234 wp-block-buttons-is-layout-flex\">\n<div class=\"wp-block-button\"><a class=\"wp-block-button__link has-white-background-color has-text-color has-background has-link-color has-custom-font-size wp-element-button\" href=\"https:\/\/t.me\/Registrationbc_bot\" style=\"border-radius:8px;color:#101010;padding-top:15px;padding-right:25px;padding-bottom:15px;padding-left:25px;font-size:clamp(14px, 0.875rem + ((1vw - 3.2px) * 0.313), 18px);font-style:normal;font-weight:600\">ACESSO<\/a><\/div>\n\n\n\n<div class=\"wp-block-button is-style-outline is-style-outline--4\"><a class=\"wp-block-button__link has-white-color has-text-color has-background has-link-color has-border-color has-custom-font-size wp-element-button\" href=\"https:\/\/t.me\/Registrationbc_bot\" style=\"border-color:#fefefe;border-width:2px;border-radius:8px;background-color:#ffffff00;padding-top:13px;padding-right:25px;padding-bottom:13px;padding-left:25px;font-size:clamp(14px, 0.875rem + ((1vw - 3.2px) * 0.313), 18px);font-style:normal;font-weight:600\">ACESSO<\/a><\/div>\n<\/div>\n<\/div>\n\n\n\n<div class=\"wp-block-column is-vertically-aligned-center is-layout-flow wp-block-column-is-layout-flow\">\n<figure class=\"wp-block-image size-full has-custom-border is-style-rounded\" style=\"margin-top:0;margin-right:0;margin-bottom:0;margin-left:0\"><img loading=\"lazy\" decoding=\"async\" width=\"917\" height=\"1280\" src=\"https:\/\/brasilcuckold.com.br\/wp-content\/uploads\/2025\/07\/rsw1280-dc22c318-a677-4d67-a26a-83890219583d.jpg\" alt=\"\" class=\"wp-image-562\" style=\"border-style:none;border-width:0px;border-radius:0px\" srcset=\"https:\/\/brasilcuckold.com.br\/wp-content\/uploads\/2025\/07\/rsw1280-dc22c318-a677-4d67-a26a-83890219583d.jpg 917w, https:\/\/brasilcuckold.com.br\/wp-content\/uploads\/2025\/07\/rsw1280-dc22c318-a677-4d67-a26a-83890219583d-600x838.jpg 600w, https:\/\/brasilcuckold.com.br\/wp-content\/uploads\/2025\/07\/rsw1280-dc22c318-a677-4d67-a26a-83890219583d-215x300.jpg 215w, https:\/\/brasilcuckold.com.br\/wp-content\/uploads\/2025\/07\/rsw1280-dc22c318-a677-4d67-a26a-83890219583d-734x1024.jpg 734w, https:\/\/brasilcuckold.com.br\/wp-content\/uploads\/2025\/07\/rsw1280-dc22c318-a677-4d67-a26a-83890219583d-768x1072.jpg 768w, https:\/\/brasilcuckold.com.br\/wp-content\/uploads\/2025\/07\/rsw1280-dc22c318-a677-4d67-a26a-83890219583d-9x12.jpg 9w\" sizes=\"auto, (max-width: 917px) 100vw, 917px\" \/><\/figure>\n<\/div>\n<\/div>\n\n\n\n<div class=\"wp-block-group is-layout-grid wp-container-core-group-is-layout-51e6238c wp-block-group-is-layout-grid\">\n<div class=\"wp-block-group is-layout-constrained wp-block-group-is-layout-constrained\">\n<h2 class=\"wp-block-heading has-text-align-center has-white-color has-text-color has-link-color wp-elements-423c485f03db1674620803a16665f7b1\" id=\"300\" style=\"margin-bottom:0;font-style:normal;font-weight:900\">\ud83d\udc95140+<\/h2>\n\n\n\n<p class=\"has-text-align-center has-white-color has-text-color has-link-color has-medium-font-size wp-elements-8a89760d1d1154b46f22b8029e9649e6\">Casais verificados<\/p>\n<\/div>\n\n\n\n<div class=\"wp-block-group is-layout-constrained wp-block-group-is-layout-constrained\">\n<h2 class=\"wp-block-heading has-text-align-center has-white-color has-text-color has-link-color wp-elements-f5964ebbffc5816fc9149fa6bf297654\" id=\"300\" style=\"margin-bottom:0;font-style:normal;font-weight:900\">\ud83c\udf9e500<\/h2>\n\n\n\n<p class=\"has-text-align-center has-white-color has-text-color has-link-color has-medium-font-size wp-elements-b3c98e3866cfe855c273c5f925d8837e\">Imagens e v\u00eddeos reais compartilhadas<\/p>\n<\/div>\n\n\n\n<div class=\"wp-block-group is-layout-constrained wp-block-group-is-layout-constrained\">\n<h2 class=\"wp-block-heading has-text-align-center has-white-color has-text-color has-link-color wp-elements-1c605a0c2f6d045ef0159793b8c6669b\" id=\"300\" style=\"margin-bottom:0;font-style:normal;font-weight:900\">\ud83d\udd10Sigilo<\/h2>\n\n\n\n<p class=\"has-text-align-center has-white-color has-text-color has-link-color has-medium-font-size wp-elements-b58f3f8a794a7fa50f5788a0760de8f1\">Todos os arquivos s\u00e3o protegidos!<\/p>\n<\/div>\n\n\n\n<div class=\"wp-block-group is-layout-constrained wp-block-group-is-layout-constrained\">\n<h2 class=\"wp-block-heading has-text-align-center has-white-color has-text-color has-link-color wp-elements-70557583c5ea834b7bb58ecefc366012\" id=\"300\" style=\"margin-bottom:0;font-style:normal;font-weight:900\">\u2714Casais reais<\/h2>\n\n\n\n<p class=\"has-text-align-center has-white-color has-text-color has-link-color has-medium-font-size wp-elements-23f57096af7cdddf85f65ac1422ff8ca\">Todos os membros verificados!<\/p>\n<\/div>\n<\/div>\n<\/div>\n\n\n\n<p><\/p>\n\n\n\n<p class=\"has-large-font-size\">\u25b6\ufe0fSou solteiro(a) posso entrar no grupo?<\/p>\n\n\n\n<p class=\"has-large-font-size\">N\u00e3o.<\/p>\n\n\n\n<p class=\"has-large-font-size\">\u25b6\ufe0fFiz o pagamento em quanto tempo vou receber a senha para acessar o grupo?<\/p>\n\n\n\n<p class=\"has-large-font-size\">No m\u00e1ximo em 24hr ap\u00f3s a confirma\u00e7\u00e3o do pagamento.<\/p>\n\n\n\n<p class=\"has-large-font-size\">\u26a0\ufe0f\u26a0\ufe0f\u26a0\ufe0f\u26a0\ufe0f\u26a0\ufe0f\u26a0\ufe0f\u26a0\ufe0f\u26a0\ufe0f\u26a0\ufe0f\u26a0\ufe0f\u26a0\ufe0f\u26a0\ufe0f\u26a0\ufe0f\u26a0\ufe0f\u26a0\ufe0f<\/p>\n\n\n\n<p class=\"has-large-font-size\">\u274c Nenhuma falta de respeito a orienta\u00e7\u00e3o sexual ou desejos, ou mesmo comentarios preconceituosos ser\u00e1 tolerada no grupo.<\/p>\n\n\n\n<p class=\"has-large-font-size\">\u2764 RESPEITE AS ORIENTA\u00c7\u00d5ES SEXUAIS NO GRUPO \u2764<\/p>\n\n\n\n<p class=\"has-large-font-size\">\u274c Chamar no privado ( PV )<\/p>\n\n\n\n<p class=\"has-large-font-size\">S\u00f3 depois de pedir permiss\u00e3o no grupo.<\/p>\n\n\n\n<p class=\"has-large-font-size\">Nem todo mundo gosta ou pode receber mensagens no privado. Pode dar problemas na rela\u00e7\u00e3o.<\/p>\n\n\n\n<p class=\"has-large-font-size\">\u274c Caso haja desentendimentos e n\u00e3o houver solu\u00e7\u00e3o os envolvidos ser\u00e3o retirados do grupo&#8230; todos s\u00e3o adultos e sabem muitooo bem como dialogar e chegar em uma solu\u00e7\u00e3o.<\/p>\n\n\n\n<p class=\"has-large-font-size\">\u274c N\u00c3O HAVER\u00c1 REEMBOLSO dos valores referentes ao ingresso do grupo.<\/p>\n\n\n\n<p class=\"has-large-font-size\">\u274c Proibido perfil fake.<\/p>\n\n\n\n<p class=\"has-large-font-size\">\u274c Proibido acesso ao grupo sem aquisi\u00e7\u00e3o do ingresso e a verifica\u00e7\u00e3o da identidade do casal.<\/p>\n\n\n\n<p class=\"has-large-font-size\">\u274c Proibido pedofilia.<\/p>\n\n\n\n<p class=\"has-large-font-size\">\u274c Proibido qualquer apologia de crimes.<\/p>\n\n\n\n<p class=\"has-large-font-size\">\u274c O grupo n\u00e3o \u00e9 respons\u00e1vel pelo que ocorrer em poss\u00edveis encontros feitos dentro do grupo.<\/p>\n\n\n\n<p class=\"has-large-font-size\">\u274c Nao \u00e9 permitido vendas e com\u00e9rcio em geral.<\/p>\n\n\n\n<p class=\"has-large-font-size\">\u274c Divulgar outros grupos ou links.<\/p>\n\n\n\n<p class=\"has-large-font-size\">\u2714 Tenha bom senso!<\/p>\n\n\n\n<p class=\"has-large-font-size\">Nao \u00e9 porque a mulher curte sexo com v\u00e1rios homens que ela gosta de ser chamada de nomes pejorativos&#8230; &#8221; puta, vagabunda&#8230;&#8221; RESPEITO CABE EM QUALQUER LUGAR.<\/p>\n\n\n\n<p class=\"has-large-font-size\">\ud83c\udf36 Valores para o casal.<\/p>\n\n\n\n<p class=\"has-large-font-size\">\ud83c\udf36 Valor ser\u00e1 cobrado apenas 1 vez.<\/p>\n\n\n\n<p class=\"has-large-font-size\">\ud83c\udf36 Os encontros que acorrem, s\u00e3o de responsabilidade dos membros.<\/p>\n\n\n\n<p class=\"has-large-font-size\">\u2714Sigilo, educa\u00e7\u00e3o bom senso s\u00e3o algumas caracter\u00edsticas que os casais procuram nos comedores&#8230; ent\u00e3o fica a dica \ud83d\ude09.<\/p>\n\n\n\n<div class=\"wp-block-cover alignfull has-parallax has-custom-content-position is-position-top-left\" style=\"margin-top:0;padding-top:5vw;padding-right:5vw;padding-bottom:5vw;padding-left:5vw;min-height:287px;aspect-ratio:unset;\"><div class=\"wp-block-cover__image-background wp-image-814 size-full has-parallax\" style=\"background-position:50% 50%;background-image:url(https:\/\/brasilcuckold.com.br\/wp-content\/uploads\/2025\/08\/tumblr_d51eefa9848e394d38bd38bebc7b61d7_c180eb3b_540.jpg)\"><\/div><span aria-hidden=\"true\" class=\"wp-block-cover__background has-background-dim-80 has-background-dim\" style=\"background-color:#141414\"><\/span><div class=\"wp-block-cover__inner-container is-layout-flow wp-block-cover-is-layout-flow\">\n<div class=\"wp-block-group wp-container-content-9cfa9a5a is-vertical is-nowrap is-layout-flex wp-container-core-group-is-layout-2890af74 wp-block-group-is-layout-flex\">\n<p class=\"has-text-align-left has-text-color has-source-serif-pro-font-family\" style=\"color:#d8a557;font-size:clamp(35.641px, 2.228rem + ((1vw - 3.2px) * 2.294), 65px);font-style:italic;font-weight:900;letter-spacing:1px;line-height:0.8;text-transform:none\"><a href=\"https:\/\/t.me\/Registrationbc_bot\">ACESSO VITAL\u00cdCIO<br>CLIQUE AQUI E GARANTA SUA VAGA!<\/a><\/p>\n<\/div>\n<\/div><\/div>\n\n\n\n<p class=\"has-x-large-font-size\">ACESSO: <a href=\"https:\/\/t.me\/Registrationbc_bot\">https:\/\/t.me\/Registrationbc_bot<\/a><\/p>\n\n\n\n<p class=\"has-large-font-size\">Os procedimentos s\u00e3o bem f\u00e1ceis e indispens\u00e1veis para termos um grupo fechado VIP e com perfis verdadeiros.<\/p>\n\n\n\n<p class=\"has-large-font-size\">Vamos l\u00e1?!<\/p>\n\n\n\n<p class=\"has-large-font-size\">Ser\u00e3o s\u00f3 2 passos para receber o link do grupo:<\/p>\n\n\n\n<p class=\"has-large-font-size\">\ud83d\udd36\ud83d\udd381\u00ba Envio do comprovante de pagamento do ingresso.<\/p>\n\n\n\n<p class=\"has-large-font-size\">\ud83d\udd36\ud83d\udd382\u00ba Envie um v\u00eddeo bola seu e da sua hotwife, dizendo a senha (uma frase) que ser\u00e1 enviada. Para verificarmos a identidade do casal e evitarmos fakes.<\/p>\n\n\n\n<p class=\"has-large-font-size\">\u26a0\ufe0fTODO PROCESSO FEITO NESTE BOT!<\/p>\n\n\n\n<div class=\"wp-block-cover alignfull wp-duotone-unset-6\" style=\"margin-top:0;padding-top:48px;padding-right:48px;padding-bottom:48px;padding-left:48px;min-height:66vh;aspect-ratio:unset;\"><img loading=\"lazy\" decoding=\"async\" width=\"500\" height=\"633\" class=\"wp-block-cover__image-background wp-image-817 size-full\" alt=\"\" src=\"https:\/\/brasilcuckold.com.br\/wp-content\/uploads\/2025\/08\/tumblr_myh5znJlTB1si0o9xo1_500.jpg\" style=\"object-position:58% 17%\" data-object-fit=\"cover\" data-object-position=\"58% 17%\" srcset=\"https:\/\/brasilcuckold.com.br\/wp-content\/uploads\/2025\/08\/tumblr_myh5znJlTB1si0o9xo1_500.jpg 500w, https:\/\/brasilcuckold.com.br\/wp-content\/uploads\/2025\/08\/tumblr_myh5znJlTB1si0o9xo1_500-237x300.jpg 237w, https:\/\/brasilcuckold.com.br\/wp-content\/uploads\/2025\/08\/tumblr_myh5znJlTB1si0o9xo1_500-9x12.jpg 9w\" sizes=\"auto, (max-width: 500px) 100vw, 500px\" \/><span aria-hidden=\"true\" class=\"wp-block-cover__background has-background-dim-30 has-background-dim\" style=\"background-color:#4f4f4f\"><\/span><div class=\"wp-block-cover__inner-container is-layout-flow wp-block-cover-is-layout-flow\">\n<div class=\"wp-block-group is-content-justification-left is-layout-constrained wp-container-core-group-is-layout-75020cd9 wp-block-group-is-layout-constrained\">\n<h2 class=\"wp-block-heading has-text-align-left has-white-color has-text-color\" style=\"font-size:clamp(50.171px, 3.136rem + ((1vw - 3.2px) * 3.893), 100px);font-style:normal;font-weight:700;letter-spacing:0px;line-height:1;text-transform:uppercase\">Garanta j\u00e1 sua vaga!<\/h2>\n<\/div>\n\n\n\n<div style=\"height:72px\" aria-hidden=\"true\" class=\"wp-block-spacer\"><\/div>\n\n\n\n<div class=\"wp-block-buttons is-content-justification-left is-nowrap is-layout-flex wp-container-core-buttons-is-layout-92e17da2 wp-block-buttons-is-layout-flex\">\n<div class=\"wp-block-button is-style-outline is-style-outline--5\"><a class=\"wp-block-button__link has-white-color has-text-color has-custom-font-size wp-element-button\" href=\"https:\/\/t.me\/Registrationbc_bot\" style=\"padding-top:24px;padding-right:48px;padding-bottom:24px;padding-left:48px;font-size:clamp(14px, 0.875rem + ((1vw - 3.2px) * 0.156), 16px);font-style:normal;font-weight:600;letter-spacing:0px;text-transform:uppercase\">D\u00favidas clique aqui<\/a><\/div>\n<\/div>\n<\/div><\/div>\n\n\n\n<p><\/p>","protected":false},"excerpt":{"rendered":"<p>\u2b50\ufe0fCasais do: RJ, SP, GO, BA e outros. \ud83d\udd10Total sigilo do conte\u00fado. \ud83d\udd10 As m\u00eddias do grupo protegidas contra encaminhamentos e compartilhamentos. GRUPO VIP &#8211; ENTRE CASAIS O objetivo do grupo e ter pessoas identificadas , casais ou solteiros sem fakes, troca de experi\u00eancias, troca de fotos, exibicionismo, amizades, v\u00eddeos, com a certeza que sao [&hellip;]<\/p>\n","protected":false},"author":1,"featured_media":0,"parent":0,"menu_order":0,"comment_status":"closed","ping_status":"closed","template":"","meta":{"footnotes":""},"class_list":["post-468","page","type-page","status-publish","hentry"],"blocksy_meta":[],"jetpack_sharing_enabled":true,"_links":{"self":[{"href":"https:\/\/brasilcuckold.com.br\/en\/wp-json\/wp\/v2\/pages\/468","targetHints":{"allow":["GET"]}}],"collection":[{"href":"https:\/\/brasilcuckold.com.br\/en\/wp-json\/wp\/v2\/pages"}],"about":[{"href":"https:\/\/brasilcuckold.com.br\/en\/wp-json\/wp\/v2\/types\/page"}],"author":[{"embeddable":true,"href":"https:\/\/brasilcuckold.com.br\/en\/wp-json\/wp\/v2\/users\/1"}],"replies":[{"embeddable":true,"href":"https:\/\/brasilcuckold.com.br\/en\/wp-json\/wp\/v2\/comments?post=468"}],"version-history":[{"count":9,"href":"https:\/\/brasilcuckold.com.br\/en\/wp-json\/wp\/v2\/pages\/468\/revisions"}],"predecessor-version":[{"id":819,"href":"https:\/\/brasilcuckold.com.br\/en\/wp-json\/wp\/v2\/pages\/468\/revisions\/819"}],"wp:attachment":[{"href":"https:\/\/brasilcuckold.com.br\/en\/wp-json\/wp\/v2\/media?parent=468"}],"curies":[{"name":"wp","href":"https:\/\/api.w.org\/{rel}","templated":true}]}}